{"id":3001,"date":"2026-02-20T22:53:47","date_gmt":"2026-02-20T22:53:47","guid":{"rendered":"https:\/\/wallitalia.com\/?post_type=product&#038;p=3001"},"modified":"2026-04-14T15:56:15","modified_gmt":"2026-04-14T15:56:15","slug":"carta-da-parati-torino-06-pizzo-inkiostro-bianco","status":"publish","type":"product","link":"https:\/\/wallitalia.com\/en\/product\/carta-da-parati-torino-06-pizzo-inkiostro-bianco\/","title":{"rendered":"Carta Da Parati Torino 06 Pizzo &#8211; Inkiostro Bianco"},"content":{"rendered":"<p>Una base rustica sulla quale prendono forma in \u201cstile alpino\u201d ispirazioni e colori di culture diverse. La collezione nasce dalla reinterpretazione di un pizzo inglese del \u2018600 abbinato ad un grande medaglione stile fa\u00efence. Il percorso cromatico \u00e8 un gioco di ricerca sui toni della natura montana: dai grigi della pietra, fino alle calde tonalit\u00e0 del legno, con una piccola concessione ad una rivisitazione dei classici rossi e verdi. Il tessuto originale \u00e8 stato applicato su una base di cotto per un\u2019ulteriore effetto naturale. Nella versione Pizzo il decoro \u00e8 ripetuto in una geometria delicata.<\/p>\n","protected":false},"excerpt":{"rendered":"<p>I rotoli hanno una lunghezza di 100 cm<\/p>\n<p data-start=\"75\" data-end=\"98\"><strong data-start=\"75\" data-end=\"98\">Specifiche Prodotto<\/strong><\/p>\n<ul data-start=\"100\" data-end=\"309\">\n<li data-start=\"100\" data-end=\"132\">\n<p data-start=\"102\" data-end=\"132\">Lunghezza rotolo: <strong data-start=\"120\" data-end=\"130\">100 cm<\/strong><\/p>\n<\/li>\n<li data-start=\"133\" data-end=\"186\">\n<p data-start=\"135\" data-end=\"186\">Versione: <strong data-start=\"145\" data-end=\"157\">vinilica<\/strong> (colla inclusa nel prezzo)<\/p>\n<\/li>\n<li data-start=\"187\" data-end=\"309\">\n<p data-start=\"189\" data-end=\"225\">Disponibile su richiesta anche in:<\/p>\n<ul data-start=\"228\" data-end=\"309\">\n<li data-start=\"228\" data-end=\"257\">\n<p data-start=\"230\" data-end=\"257\"><strong data-start=\"230\" data-end=\"237\">Raw<\/strong> \u2013 larghezza 94 cm<\/p>\n<\/li>\n<li data-start=\"260\" data-end=\"309\">\n<p data-start=\"262\" data-end=\"309\"><strong data-start=\"262\" data-end=\"289\">EQ\u2022dekor fibra di vetro<\/strong> \u2013 larghezza 94 cm (Ideale per ambienti umidi\/bagno)<\/p>\n<\/li>\n<\/ul>\n<\/li>\n<\/ul>\n<p data-start=\"311\" data-end=\"441\"><strong data-start=\"311\" data-end=\"320\">Nota:<\/strong> si consiglia di aggiungere <strong data-start=\"348\" data-end=\"368\">10 cm in altezza<\/strong> rispetto alla misura reale della parete per garantire una corretta posa.<\/p>\n","protected":false},"featured_media":3006,"comment_status":"open","ping_status":"closed","template":"","meta":[],"product_brand":[37],"product_cat":[47,161,315,162,245,163],"product_tag":[],"class_list":{"0":"post-3001","1":"product","2":"type-product","3":"status-publish","4":"has-post-thumbnail","6":"product_brand-inkiostro-bianco","7":"product_cat-carta-da-parati","8":"product_cat-geometrico","9":"product_cat-inkiostro-bianco","10":"product_cat-materico","11":"product_cat-moderne","12":"product_cat-monocromatico","14":"first","15":"instock","16":"taxable","17":"shipping-taxable","18":"purchasable","19":"product-type-variable"},"yoast_head":"<!-- This site is optimized with the Yoast SEO plugin v27.5 - https:\/\/yoast.com\/product\/yoast-seo-wordpress\/ -->\n<title>Carta Da Parati Torino 06 Pizzo - Inkiostro Bianco - Wallitalia<\/title>\n<meta name=\"robots\" content=\"index, follow, max-snippet:-1, max-image-preview:large, max-video-preview:-1\" \/>\n<link rel=\"canonical\" href=\"https:\/\/wallitalia.com\/en\/product\/carta-da-parati-torino-06-pizzo-inkiostro-bianco\/\" \/>\n<meta property=\"og:locale\" content=\"en_US\" \/>\n<meta property=\"og:type\" content=\"article\" \/>\n<meta property=\"og:title\" content=\"Carta Da Parati Torino 06 Pizzo - Inkiostro Bianco - Wallitalia\" \/>\n<meta property=\"og:description\" content=\"I rotoli hanno una lunghezza di 100 cm Specifiche Prodotto     Lunghezza rotolo: 100 cm    Versione: vinilica (colla inclusa nel prezzo)    Disponibile su richiesta anche in:     Raw \u2013 larghezza 94 cm    EQ\u2022dekor fibra di vetro \u2013 larghezza 94 cm (Ideale per ambienti umidi\/bagno)     Nota: si consiglia di aggiungere 10 cm in altezza rispetto alla misura reale della parete per garantire una corretta posa.\" \/>\n<meta property=\"og:url\" content=\"https:\/\/wallitalia.com\/en\/product\/carta-da-parati-torino-06-pizzo-inkiostro-bianco\/\" \/>\n<meta property=\"og:site_name\" content=\"Wallitalia\" \/>\n<meta property=\"article:modified_time\" content=\"2026-04-14T15:56:15+00:00\" \/>\n<meta property=\"og:image\" content=\"https:\/\/wallitalia.com\/wp-content\/uploads\/2026\/02\/Torino-06-Pizzo-1.jpg\" \/>\n\t<meta property=\"og:image:width\" content=\"1080\" \/>\n\t<meta property=\"og:image:height\" content=\"1350\" \/>\n\t<meta property=\"og:image:type\" content=\"image\/jpeg\" \/>\n<meta name=\"twitter:card\" content=\"summary_large_image\" \/>\n<meta name=\"twitter:label1\" content=\"Est. reading time\" \/>\n\t<meta name=\"twitter:data1\" content=\"1 minute\" \/>\n<script type=\"application\/ld+json\" class=\"yoast-schema-graph\">{\"@context\":\"https:\\\/\\\/schema.org\",\"@graph\":[{\"@type\":\"WebPage\",\"@id\":\"https:\\\/\\\/wallitalia.com\\\/en\\\/product\\\/carta-da-parati-torino-06-pizzo-inkiostro-bianco\\\/\",\"url\":\"https:\\\/\\\/wallitalia.com\\\/en\\\/product\\\/carta-da-parati-torino-06-pizzo-inkiostro-bianco\\\/\",\"name\":\"Carta Da Parati Torino 06 Pizzo - Inkiostro Bianco - Wallitalia\",\"isPartOf\":{\"@id\":\"https:\\\/\\\/wallitalia.com\\\/en\\\/#website\"},\"primaryImageOfPage\":{\"@id\":\"https:\\\/\\\/wallitalia.com\\\/en\\\/product\\\/carta-da-parati-torino-06-pizzo-inkiostro-bianco\\\/#primaryimage\"},\"image\":{\"@id\":\"https:\\\/\\\/wallitalia.com\\\/en\\\/product\\\/carta-da-parati-torino-06-pizzo-inkiostro-bianco\\\/#primaryimage\"},\"thumbnailUrl\":\"https:\\\/\\\/wallitalia.com\\\/wp-content\\\/uploads\\\/2026\\\/02\\\/Torino-06-Pizzo-1.jpg\",\"datePublished\":\"2026-02-20T22:53:47+00:00\",\"dateModified\":\"2026-04-14T15:56:15+00:00\",\"breadcrumb\":{\"@id\":\"https:\\\/\\\/wallitalia.com\\\/en\\\/product\\\/carta-da-parati-torino-06-pizzo-inkiostro-bianco\\\/#breadcrumb\"},\"inLanguage\":\"en-US\",\"potentialAction\":[{\"@type\":\"ReadAction\",\"target\":[\"https:\\\/\\\/wallitalia.com\\\/en\\\/product\\\/carta-da-parati-torino-06-pizzo-inkiostro-bianco\\\/\"]}]},{\"@type\":\"ImageObject\",\"inLanguage\":\"en-US\",\"@id\":\"https:\\\/\\\/wallitalia.com\\\/en\\\/product\\\/carta-da-parati-torino-06-pizzo-inkiostro-bianco\\\/#primaryimage\",\"url\":\"https:\\\/\\\/wallitalia.com\\\/wp-content\\\/uploads\\\/2026\\\/02\\\/Torino-06-Pizzo-1.jpg\",\"contentUrl\":\"https:\\\/\\\/wallitalia.com\\\/wp-content\\\/uploads\\\/2026\\\/02\\\/Torino-06-Pizzo-1.jpg\",\"width\":1080,\"height\":1350},{\"@type\":\"BreadcrumbList\",\"@id\":\"https:\\\/\\\/wallitalia.com\\\/en\\\/product\\\/carta-da-parati-torino-06-pizzo-inkiostro-bianco\\\/#breadcrumb\",\"itemListElement\":[{\"@type\":\"ListItem\",\"position\":1,\"name\":\"Home\",\"item\":\"https:\\\/\\\/wallitalia.com\\\/en\\\/\"},{\"@type\":\"ListItem\",\"position\":2,\"name\":\"All Products\",\"item\":\"https:\\\/\\\/wallitalia.com\\\/en\\\/all-products\\\/\"},{\"@type\":\"ListItem\",\"position\":3,\"name\":\"Carta Da Parati Torino 06 Pizzo &#8211; Inkiostro Bianco\"}]},{\"@type\":\"WebSite\",\"@id\":\"https:\\\/\\\/wallitalia.com\\\/en\\\/#website\",\"url\":\"https:\\\/\\\/wallitalia.com\\\/en\\\/\",\"name\":\"Wallitalia\",\"description\":\"Customize Wallpaper\",\"publisher\":{\"@id\":\"https:\\\/\\\/wallitalia.com\\\/en\\\/#\\\/schema\\\/person\\\/e6e9b664d62ec2d659726c12dfd4195f\"},\"potentialAction\":[{\"@type\":\"SearchAction\",\"target\":{\"@type\":\"EntryPoint\",\"urlTemplate\":\"https:\\\/\\\/wallitalia.com\\\/en\\\/?s={search_term_string}\"},\"query-input\":{\"@type\":\"PropertyValueSpecification\",\"valueRequired\":true,\"valueName\":\"search_term_string\"}}],\"inLanguage\":\"en-US\"},{\"@type\":[\"Person\",\"Organization\"],\"@id\":\"https:\\\/\\\/wallitalia.com\\\/en\\\/#\\\/schema\\\/person\\\/e6e9b664d62ec2d659726c12dfd4195f\",\"name\":\"Calogero Aurelio Pio Coniglio\",\"image\":{\"@type\":\"ImageObject\",\"inLanguage\":\"en-US\",\"@id\":\"https:\\\/\\\/wallitalia.com\\\/wp-content\\\/uploads\\\/2026\\\/01\\\/cropped-WALLITALIA-Logo-with-Contemporary-Blue-and-Gray-Scheme.png\",\"url\":\"https:\\\/\\\/wallitalia.com\\\/wp-content\\\/uploads\\\/2026\\\/01\\\/cropped-WALLITALIA-Logo-with-Contemporary-Blue-and-Gray-Scheme.png\",\"contentUrl\":\"https:\\\/\\\/wallitalia.com\\\/wp-content\\\/uploads\\\/2026\\\/01\\\/cropped-WALLITALIA-Logo-with-Contemporary-Blue-and-Gray-Scheme.png\",\"width\":1560,\"height\":522,\"caption\":\"Calogero Aurelio Pio Coniglio\"},\"logo\":{\"@id\":\"https:\\\/\\\/wallitalia.com\\\/wp-content\\\/uploads\\\/2026\\\/01\\\/cropped-WALLITALIA-Logo-with-Contemporary-Blue-and-Gray-Scheme.png\"},\"sameAs\":[\"https:\\\/\\\/wallitalia.com\\\/\",\"https:\\\/\\\/www.instagram.com\\\/wall_italia\\\/\",\"https:\\\/\\\/it.pinterest.com\\\/wallitaliashop\\\/\"]}]}<\/script>\n<!-- \/ Yoast SEO plugin. -->","yoast_head_json":{"title":"Carta Da Parati Torino 06 Pizzo - Inkiostro Bianco - Wallitalia","robots":{"index":"index","follow":"follow","max-snippet":"max-snippet:-1","max-image-preview":"max-image-preview:large","max-video-preview":"max-video-preview:-1"},"canonical":"https:\/\/wallitalia.com\/en\/product\/carta-da-parati-torino-06-pizzo-inkiostro-bianco\/","og_locale":"en_US","og_type":"article","og_title":"Carta Da Parati Torino 06 Pizzo - Inkiostro Bianco - Wallitalia","og_description":"I rotoli hanno una lunghezza di 100 cm Specifiche Prodotto     Lunghezza rotolo: 100 cm    Versione: vinilica (colla inclusa nel prezzo)    Disponibile su richiesta anche in:     Raw \u2013 larghezza 94 cm    EQ\u2022dekor fibra di vetro \u2013 larghezza 94 cm (Ideale per ambienti umidi\/bagno)     Nota: si consiglia di aggiungere 10 cm in altezza rispetto alla misura reale della parete per garantire una corretta posa.","og_url":"https:\/\/wallitalia.com\/en\/product\/carta-da-parati-torino-06-pizzo-inkiostro-bianco\/","og_site_name":"Wallitalia","article_modified_time":"2026-04-14T15:56:15+00:00","og_image":[{"width":1080,"height":1350,"url":"https:\/\/wallitalia.com\/wp-content\/uploads\/2026\/02\/Torino-06-Pizzo-1.jpg","type":"image\/jpeg"}],"twitter_card":"summary_large_image","twitter_misc":{"Est. reading time":"1 minute"},"schema":{"@context":"https:\/\/schema.org","@graph":[{"@type":"WebPage","@id":"https:\/\/wallitalia.com\/en\/product\/carta-da-parati-torino-06-pizzo-inkiostro-bianco\/","url":"https:\/\/wallitalia.com\/en\/product\/carta-da-parati-torino-06-pizzo-inkiostro-bianco\/","name":"Carta Da Parati Torino 06 Pizzo - Inkiostro Bianco - Wallitalia","isPartOf":{"@id":"https:\/\/wallitalia.com\/en\/#website"},"primaryImageOfPage":{"@id":"https:\/\/wallitalia.com\/en\/product\/carta-da-parati-torino-06-pizzo-inkiostro-bianco\/#primaryimage"},"image":{"@id":"https:\/\/wallitalia.com\/en\/product\/carta-da-parati-torino-06-pizzo-inkiostro-bianco\/#primaryimage"},"thumbnailUrl":"https:\/\/wallitalia.com\/wp-content\/uploads\/2026\/02\/Torino-06-Pizzo-1.jpg","datePublished":"2026-02-20T22:53:47+00:00","dateModified":"2026-04-14T15:56:15+00:00","breadcrumb":{"@id":"https:\/\/wallitalia.com\/en\/product\/carta-da-parati-torino-06-pizzo-inkiostro-bianco\/#breadcrumb"},"inLanguage":"en-US","potentialAction":[{"@type":"ReadAction","target":["https:\/\/wallitalia.com\/en\/product\/carta-da-parati-torino-06-pizzo-inkiostro-bianco\/"]}]},{"@type":"ImageObject","inLanguage":"en-US","@id":"https:\/\/wallitalia.com\/en\/product\/carta-da-parati-torino-06-pizzo-inkiostro-bianco\/#primaryimage","url":"https:\/\/wallitalia.com\/wp-content\/uploads\/2026\/02\/Torino-06-Pizzo-1.jpg","contentUrl":"https:\/\/wallitalia.com\/wp-content\/uploads\/2026\/02\/Torino-06-Pizzo-1.jpg","width":1080,"height":1350},{"@type":"BreadcrumbList","@id":"https:\/\/wallitalia.com\/en\/product\/carta-da-parati-torino-06-pizzo-inkiostro-bianco\/#breadcrumb","itemListElement":[{"@type":"ListItem","position":1,"name":"Home","item":"https:\/\/wallitalia.com\/en\/"},{"@type":"ListItem","position":2,"name":"All Products","item":"https:\/\/wallitalia.com\/en\/all-products\/"},{"@type":"ListItem","position":3,"name":"Carta Da Parati Torino 06 Pizzo &#8211; Inkiostro Bianco"}]},{"@type":"WebSite","@id":"https:\/\/wallitalia.com\/en\/#website","url":"https:\/\/wallitalia.com\/en\/","name":"Wallitalia","description":"Customize Wallpaper","publisher":{"@id":"https:\/\/wallitalia.com\/en\/#\/schema\/person\/e6e9b664d62ec2d659726c12dfd4195f"},"potentialAction":[{"@type":"SearchAction","target":{"@type":"EntryPoint","urlTemplate":"https:\/\/wallitalia.com\/en\/?s={search_term_string}"},"query-input":{"@type":"PropertyValueSpecification","valueRequired":true,"valueName":"search_term_string"}}],"inLanguage":"en-US"},{"@type":["Person","Organization"],"@id":"https:\/\/wallitalia.com\/en\/#\/schema\/person\/e6e9b664d62ec2d659726c12dfd4195f","name":"Calogero Aurelio Pio Coniglio","image":{"@type":"ImageObject","inLanguage":"en-US","@id":"https:\/\/wallitalia.com\/wp-content\/uploads\/2026\/01\/cropped-WALLITALIA-Logo-with-Contemporary-Blue-and-Gray-Scheme.png","url":"https:\/\/wallitalia.com\/wp-content\/uploads\/2026\/01\/cropped-WALLITALIA-Logo-with-Contemporary-Blue-and-Gray-Scheme.png","contentUrl":"https:\/\/wallitalia.com\/wp-content\/uploads\/2026\/01\/cropped-WALLITALIA-Logo-with-Contemporary-Blue-and-Gray-Scheme.png","width":1560,"height":522,"caption":"Calogero Aurelio Pio Coniglio"},"logo":{"@id":"https:\/\/wallitalia.com\/wp-content\/uploads\/2026\/01\/cropped-WALLITALIA-Logo-with-Contemporary-Blue-and-Gray-Scheme.png"},"sameAs":["https:\/\/wallitalia.com\/","https:\/\/www.instagram.com\/wall_italia\/","https:\/\/it.pinterest.com\/wallitaliashop\/"]}]}},"_links":{"self":[{"href":"https:\/\/wallitalia.com\/en\/wp-json\/wp\/v2\/product\/3001","targetHints":{"allow":["GET"]}}],"collection":[{"href":"https:\/\/wallitalia.com\/en\/wp-json\/wp\/v2\/product"}],"about":[{"href":"https:\/\/wallitalia.com\/en\/wp-json\/wp\/v2\/types\/product"}],"replies":[{"embeddable":true,"href":"https:\/\/wallitalia.com\/en\/wp-json\/wp\/v2\/comments?post=3001"}],"version-history":[{"count":0,"href":"https:\/\/wallitalia.com\/en\/wp-json\/wp\/v2\/product\/3001\/revisions"}],"wp:featuredmedia":[{"embeddable":true,"href":"https:\/\/wallitalia.com\/en\/wp-json\/wp\/v2\/media\/3006"}],"wp:attachment":[{"href":"https:\/\/wallitalia.com\/en\/wp-json\/wp\/v2\/media?parent=3001"}],"wp:term":[{"taxonomy":"product_brand","embeddable":true,"href":"https:\/\/wallitalia.com\/en\/wp-json\/wp\/v2\/product_brand?post=3001"},{"taxonomy":"product_cat","embeddable":true,"href":"https:\/\/wallitalia.com\/en\/wp-json\/wp\/v2\/product_cat?post=3001"},{"taxonomy":"product_tag","embeddable":true,"href":"https:\/\/wallitalia.com\/en\/wp-json\/wp\/v2\/product_tag?post=3001"}],"curies":[{"name":"wp","href":"https:\/\/api.w.org\/{rel}","templated":true}]}}